{"id":2,"date":"2023-10-06T09:33:36","date_gmt":"2023-10-06T09:33:36","guid":{"rendered":"http:\/\/www.ecoartmimarlik.com.tr\/?page_id=2"},"modified":"2023-11-02T07:07:49","modified_gmt":"2023-11-02T07:07:49","slug":"ana-sayfa","status":"publish","type":"page","link":"https:\/\/www.ecoartmimarlik.com.tr\/en\/","title":{"rendered":"Home"},"content":{"rendered":"<div id='layer_slider_1'  class='avia-layerslider main_color avia-shadow  avia-builder-el-0  el_before_av_layerslider  avia-builder-el-first  container_wrap fullsize'  style='height: 921px;'  ><\/div>\n<div id='layer_slider_2'  class='avia-layerslider main_color avia-shadow  avia-builder-el-1  el_after_av_layerslider  el_before_av_layout_row  slider-not-first container_wrap fullsize'  style='height: 1701px;'  ><\/div>\n<div id='av-layout-grid-1'  class='av-layout-grid-container av-70nw-12bdd1d1179cdfeecd6fbfd7583f33a1 entry-content-wrapper main_color av-flex-cells  avia-builder-el-2  el_after_av_layerslider  el_before_av_layout_row  myClass grid-row-not-first av-small-hide av-mini-hide container_wrap fullsize'  >\n\n<style type=\"text\/css\" data-created_by=\"avia_inline_auto\" id=\"style-css-av-5wku-91526eafa85730aa2bfebbccd0f06390\">\n.flex_cell.av-5wku-91526eafa85730aa2bfebbccd0f06390{\nvertical-align:top;\n}\n.responsive #top #wrap_all .flex_cell.av-5wku-91526eafa85730aa2bfebbccd0f06390{\npadding:30px 30px 0 0 !important;\n}\n<\/style>\n<div class='flex_cell av-5wku-91526eafa85730aa2bfebbccd0f06390 av-gridrow-cell av_two_third no_margin  avia-builder-el-3  el_before_av_cell_one_third  avia-builder-el-first'  ><div class='flex_cell_inner'><p><br \/>\n\n<style type=\"text\/css\" data-created_by=\"avia_inline_auto\" id=\"style-css-av-2qwc-c182d3c4cbc722685f07870bf690b648\">\n#top .hr.hr-invisible.av-2qwc-c182d3c4cbc722685f07870bf690b648{\nheight:30px;\n}\n<\/style>\n<div  class='hr av-2qwc-c182d3c4cbc722685f07870bf690b648 hr-invisible  avia-builder-el-5  el_after_av_codeblock  el_before_av_codeblock'><span class='hr-inner'><span class=\"hr-inner-style\"><\/span><\/span><\/div><br \/>\n<\/p>\n<\/div><\/div>\n<style type=\"text\/css\" data-created_by=\"avia_inline_auto\" id=\"style-css-av-2ibq-55c110943d1b45f5377d454c80e0b13b\">\n.flex_cell.av-2ibq-55c110943d1b45f5377d454c80e0b13b{\nvertical-align:top;\n}\n.responsive #top #wrap_all .flex_cell.av-2ibq-55c110943d1b45f5377d454c80e0b13b{\npadding:30px 0 0 0 !important;\n}\n<\/style>\n<div class='flex_cell av-2ibq-55c110943d1b45f5377d454c80e0b13b av-gridrow-cell av_one_third no_margin  avia-builder-el-7  el_after_av_cell_two_third  avia-builder-el-last'  ><div class='flex_cell_inner'><p><br \/>\n\n<style type=\"text\/css\" data-created_by=\"avia_inline_auto\" id=\"style-css-av-lofuweuw-0018cf45b19f12f02c844847fdcbb1fe\">\n#top .hr.hr-invisible.av-lofuweuw-0018cf45b19f12f02c844847fdcbb1fe{\nheight:30px;\n}\n<\/style>\n<div  class='hr av-lofuweuw-0018cf45b19f12f02c844847fdcbb1fe hr-invisible  avia-builder-el-9  el_after_av_codeblock  el_before_av_codeblock'><span class='hr-inner'><span class=\"hr-inner-style\"><\/span><\/span><\/div><br \/>\n<\/p>\n<\/div><\/div>\n<\/div>\n<div id='av-layout-grid-2'  class='av-layout-grid-container av-l5hy-806501d0966d8e8dd212b8b9ec1dc391 entry-content-wrapper main_color av-flex-cells  avia-builder-el-11  el_after_av_layout_row  el_before_av_layout_row  myClass grid-row-not-first av-small-hide av-mini-hide container_wrap fullsize'  >\n\n<style type=\"text\/css\" data-created_by=\"avia_inline_auto\" id=\"style-css-av-j3pk-cf6acc8e595265248f8e91b833457f89\">\n.flex_cell.av-j3pk-cf6acc8e595265248f8e91b833457f89{\nvertical-align:top;\n}\n.responsive #top #wrap_all .flex_cell.av-j3pk-cf6acc8e595265248f8e91b833457f89{\npadding:30px 30px 0 0 !important;\n}\n<\/style>\n<div class='flex_cell av-j3pk-cf6acc8e595265248f8e91b833457f89 av-gridrow-cell av_two_fifth no_margin  avia-builder-el-12  el_before_av_cell_three_fifth  avia-builder-el-first'  ><div class='flex_cell_inner'><p><br \/>\n\n<style type=\"text\/css\" data-created_by=\"avia_inline_auto\" id=\"style-css-av-eycm-8fddb69a19004f27c9d8362908874b72\">\n#top .hr.hr-invisible.av-eycm-8fddb69a19004f27c9d8362908874b72{\nheight:30px;\n}\n<\/style>\n<div  class='hr av-eycm-8fddb69a19004f27c9d8362908874b72 hr-invisible  avia-builder-el-14  el_after_av_codeblock  el_before_av_codeblock'><span class='hr-inner'><span class=\"hr-inner-style\"><\/span><\/span><\/div><br \/>\n<\/p>\n<\/div><\/div>\n<style type=\"text\/css\" data-created_by=\"avia_inline_auto\" id=\"style-css-av-8tcs-95494fd460b53ae94ce99a407032522f\">\n.flex_cell.av-8tcs-95494fd460b53ae94ce99a407032522f{\nvertical-align:top;\n}\n.responsive #top #wrap_all .flex_cell.av-8tcs-95494fd460b53ae94ce99a407032522f{\npadding:30px 0 0 0 !important;\n}\n<\/style>\n<div class='flex_cell av-8tcs-95494fd460b53ae94ce99a407032522f av-gridrow-cell av_three_fifth no_margin  avia-builder-el-16  el_after_av_cell_two_fifth  avia-builder-el-last'  ><div class='flex_cell_inner'><p><br \/>\n\n<style type=\"text\/css\" data-created_by=\"avia_inline_auto\" id=\"style-css-av-5b4m-7fa6a5ed8bba8285e39b6a6904d52a96\">\n#top .hr.hr-invisible.av-5b4m-7fa6a5ed8bba8285e39b6a6904d52a96{\nheight:30px;\n}\n<\/style>\n<div  class='hr av-5b4m-7fa6a5ed8bba8285e39b6a6904d52a96 hr-invisible  avia-builder-el-18  el_after_av_codeblock  el_before_av_codeblock'><span class='hr-inner'><span class=\"hr-inner-style\"><\/span><\/span><\/div><br \/>\n<\/p>\n<\/div><\/div>\n<\/div>\n<div id='av-layout-grid-3'  class='av-layout-grid-container av-1tjs-182f8a10906384db29eb146e4f112b05 entry-content-wrapper main_color av-flex-cells  avia-builder-el-20  el_after_av_layout_row  el_before_av_layout_row  myClass grid-row-not-first av-small-hide av-mini-hide container_wrap fullsize'  >\n\n<style type=\"text\/css\" data-created_by=\"avia_inline_auto\" id=\"style-css-av-fbu6-ade3fcd578a485814e025a2108fcce93\">\n.flex_cell.av-fbu6-ade3fcd578a485814e025a2108fcce93{\nvertical-align:top;\n}\n.responsive #top #wrap_all .flex_cell.av-fbu6-ade3fcd578a485814e025a2108fcce93{\npadding:30px 30px 0 0 !important;\n}\n<\/style>\n<div class='flex_cell av-fbu6-ade3fcd578a485814e025a2108fcce93 av-gridrow-cell av_two_third no_margin  avia-builder-el-21  el_before_av_cell_one_third  avia-builder-el-first'  ><div class='flex_cell_inner'><p><br \/>\n\n<style type=\"text\/css\" data-created_by=\"avia_inline_auto\" id=\"style-css-av-djuk-db51e57880df733fcfc82ae8dae77032\">\n#top .hr.hr-invisible.av-djuk-db51e57880df733fcfc82ae8dae77032{\nheight:30px;\n}\n<\/style>\n<div  class='hr av-djuk-db51e57880df733fcfc82ae8dae77032 hr-invisible  avia-builder-el-23  el_after_av_codeblock  el_before_av_codeblock'><span class='hr-inner'><span class=\"hr-inner-style\"><\/span><\/span><\/div><br \/>\n<\/p>\n<\/div><\/div>\n<style type=\"text\/css\" data-created_by=\"avia_inline_auto\" id=\"style-css-av-929c-09c529a2d7dd258a6cde0158fee36d94\">\n.flex_cell.av-929c-09c529a2d7dd258a6cde0158fee36d94{\nvertical-align:top;\n}\n.responsive #top #wrap_all .flex_cell.av-929c-09c529a2d7dd258a6cde0158fee36d94{\npadding:30px 0 0 0 !important;\n}\n<\/style>\n<div class='flex_cell av-929c-09c529a2d7dd258a6cde0158fee36d94 av-gridrow-cell av_one_third no_margin  avia-builder-el-25  el_after_av_cell_two_third  avia-builder-el-last'  ><div class='flex_cell_inner'><p><br \/>\n\n<style type=\"text\/css\" data-created_by=\"avia_inline_auto\" id=\"style-css-av-5z52-4f16510c168e280eab23e99407bdd5db\">\n#top .hr.hr-invisible.av-5z52-4f16510c168e280eab23e99407bdd5db{\nheight:30px;\n}\n<\/style>\n<div  class='hr av-5z52-4f16510c168e280eab23e99407bdd5db hr-invisible  avia-builder-el-27  el_after_av_codeblock  el_before_av_codeblock'><span class='hr-inner'><span class=\"hr-inner-style\"><\/span><\/span><\/div><br \/>\n<\/p>\n<\/div><\/div>\n<\/div>\n<div id='av-layout-grid-4'  class='av-layout-grid-container av-logsyr1s-0bc3a7024e1afa46a6539378a0777e8e entry-content-wrapper main_color av-flex-cells  avia-builder-el-29  el_after_av_layout_row  avia-builder-el-last  myClass grid-row-not-first av-desktop-hide av-medium-hide container_wrap fullsize'  >\n\n<style type=\"text\/css\" data-created_by=\"avia_inline_auto\" id=\"style-css-av-1fsiu-3fe1ac22ca49e6c94ab7582a87931e11\">\n.flex_cell.av-1fsiu-3fe1ac22ca49e6c94ab7582a87931e11{\nvertical-align:top;\n}\n.responsive #top #wrap_all .flex_cell.av-1fsiu-3fe1ac22ca49e6c94ab7582a87931e11{\npadding:30px 10px 0 10px !important;\n}\n<\/style>\n<div class='flex_cell av-1fsiu-3fe1ac22ca49e6c94ab7582a87931e11 av-gridrow-cell av_one_full no_margin  avia-builder-el-30  avia-builder-el-no-sibling'  ><div class='flex_cell_inner'><p><br \/>\n\n<style type=\"text\/css\" data-created_by=\"avia_inline_auto\" id=\"style-css-av-4tcm-1da206c138a382c312bbfc2ce2b76742\">\n#top .hr.hr-invisible.av-4tcm-1da206c138a382c312bbfc2ce2b76742{\nheight:30px;\n}\n<\/style>\n<div  class='hr av-4tcm-1da206c138a382c312bbfc2ce2b76742 hr-invisible  avia-builder-el-32  el_after_av_codeblock  el_before_av_codeblock'><span class='hr-inner'><span class=\"hr-inner-style\"><\/span><\/span><\/div><br \/>\n<br \/>\n\n<style type=\"text\/css\" data-created_by=\"avia_inline_auto\" id=\"style-css-av-17z7m-2520f85662c17ac564f0cb28e9c083b0\">\n#top .hr.hr-invisible.av-17z7m-2520f85662c17ac564f0cb28e9c083b0{\nheight:30px;\n}\n<\/style>\n<div  class='hr av-17z7m-2520f85662c17ac564f0cb28e9c083b0 hr-invisible  avia-builder-el-34  el_after_av_codeblock  el_before_av_codeblock'><span class='hr-inner'><span class=\"hr-inner-style\"><\/span><\/span><\/div><br \/>\n<br \/>\n\n<style type=\"text\/css\" data-created_by=\"avia_inline_auto\" id=\"style-css-av-13ntq-c6551264de128e8ec9944e7d3933da9b\">\n#top .hr.hr-invisible.av-13ntq-c6551264de128e8ec9944e7d3933da9b{\nheight:30px;\n}\n<\/style>\n<div  class='hr av-13ntq-c6551264de128e8ec9944e7d3933da9b hr-invisible  avia-builder-el-36  el_after_av_codeblock  el_before_av_codeblock'><span class='hr-inner'><span class=\"hr-inner-style\"><\/span><\/span><\/div><br \/>\n<br \/>\n\n<style type=\"text\/css\" data-created_by=\"avia_inline_auto\" id=\"style-css-av-yw3s-01ecdfebbb53762f18216bd529ef47e3\">\n#top .hr.hr-invisible.av-yw3s-01ecdfebbb53762f18216bd529ef47e3{\nheight:30px;\n}\n<\/style>\n<div  class='hr av-yw3s-01ecdfebbb53762f18216bd529ef47e3 hr-invisible  avia-builder-el-38  el_after_av_codeblock  el_before_av_codeblock'><span class='hr-inner'><span class=\"hr-inner-style\"><\/span><\/span><\/div><br \/>\n<br \/>\n\n<style type=\"text\/css\" data-created_by=\"avia_inline_auto\" id=\"style-css-av-34im-5378711b7af39ab11938f68893155a60\">\n#top .hr.hr-invisible.av-34im-5378711b7af39ab11938f68893155a60{\nheight:30px;\n}\n<\/style>\n<div  class='hr av-34im-5378711b7af39ab11938f68893155a60 hr-invisible  avia-builder-el-40  el_after_av_codeblock  el_before_av_codeblock'><span class='hr-inner'><span class=\"hr-inner-style\"><\/span><\/span><\/div><br \/>\n<br \/>\n\n<style type=\"text\/css\" data-created_by=\"avia_inline_auto\" id=\"style-css-av-rk7s-f755b451bdd6df5b01b33f747377bf38\">\n#top .hr.hr-invisible.av-rk7s-f755b451bdd6df5b01b33f747377bf38{\nheight:30px;\n}\n<\/style>\n<div  class='hr av-rk7s-f755b451bdd6df5b01b33f747377bf38 hr-invisible  avia-builder-el-42  el_after_av_codeblock  el_before_av_codeblock'><span class='hr-inner'><span class=\"hr-inner-style\"><\/span><\/span><\/div><br \/>\n<br \/>\n\n<style type=\"text\/css\" data-created_by=\"avia_inline_auto\" id=\"style-css-av-lz5q-a059e380302c86de4bcd39b9b7832d57\">\n#top .hr.hr-invisible.av-lz5q-a059e380302c86de4bcd39b9b7832d57{\nheight:30px;\n}\n<\/style>\n<div  class='hr av-lz5q-a059e380302c86de4bcd39b9b7832d57 hr-invisible  avia-builder-el-44  el_after_av_codeblock  el_before_av_codeblock'><span class='hr-inner'><span class=\"hr-inner-style\"><\/span><\/span><\/div><br \/>\n<br \/>\n\n<style type=\"text\/css\" data-created_by=\"avia_inline_auto\" id=\"style-css-av-iwse-4246cea290a8772319cf31d9037d063a\">\n#top .hr.hr-invisible.av-iwse-4246cea290a8772319cf31d9037d063a{\nheight:30px;\n}\n<\/style>\n<div  class='hr av-iwse-4246cea290a8772319cf31d9037d063a hr-invisible  avia-builder-el-46  el_after_av_codeblock  el_before_av_codeblock'><span class='hr-inner'><span class=\"hr-inner-style\"><\/span><\/span><\/div><br \/>\n<br \/>\n\n<style type=\"text\/css\" data-created_by=\"avia_inline_auto\" id=\"style-css-av-dj5a-a66cb381d398545e6f4ed63d3bb66966\">\n#top .hr.hr-invisible.av-dj5a-a66cb381d398545e6f4ed63d3bb66966{\nheight:30px;\n}\n<\/style>\n<div  class='hr av-dj5a-a66cb381d398545e6f4ed63d3bb66966 hr-invisible  avia-builder-el-48  el_after_av_codeblock  el_before_av_codeblock'><span class='hr-inner'><span class=\"hr-inner-style\"><\/span><\/span><\/div><br \/>\n<br \/>\n\n<style type=\"text\/css\" data-created_by=\"avia_inline_auto\" id=\"style-css-av-aing-e11cd0926daf45c0f8da88552126e59d\">\n#top .hr.hr-invisible.av-aing-e11cd0926daf45c0f8da88552126e59d{\nheight:30px;\n}\n<\/style>\n<div  class='hr av-aing-e11cd0926daf45c0f8da88552126e59d hr-invisible  avia-builder-el-50  el_after_av_codeblock  el_before_av_codeblock'><span class='hr-inner'><span class=\"hr-inner-style\"><\/span><\/span><\/div><br \/>\n<br \/>\n\n<style type=\"text\/css\" data-created_by=\"avia_inline_auto\" id=\"style-css-av-5wnc-ab35c9134aca31ea20649cb248dd650d\">\n#top .hr.hr-invisible.av-5wnc-ab35c9134aca31ea20649cb248dd650d{\nheight:30px;\n}\n<\/style>\n<div  class='hr av-5wnc-ab35c9134aca31ea20649cb248dd650d hr-invisible  avia-builder-el-52  el_after_av_codeblock  el_before_av_codeblock'><span class='hr-inner'><span class=\"hr-inner-style\"><\/span><\/span><\/div><br \/>\n<\/p>\n<\/div><\/div>\n<\/div>","protected":false},"excerpt":{"rendered":"","protected":false},"author":1,"featured_media":0,"parent":0,"menu_order":0,"comment_status":"closed","ping_status":"open","template":"","meta":{"footnotes":""},"class_list":["post-2","page","type-page","status-publish","hentry"],"yoast_head":"<!-- This site is optimized with the Yoast SEO plugin v23.4 - https:\/\/yoast.com\/wordpress\/plugins\/seo\/ -->\n<title>Ana Sayfa - Eco Art Mimarl\u0131k<\/title>\n<meta name=\"robots\" content=\"index, follow, max-snippet:-1, max-image-preview:large, max-video-preview:-1\" \/>\n<link rel=\"canonical\" href=\"https:\/\/www.ecoartmimarlik.com.tr\/en\/\" \/>\n<meta property=\"og:locale\" content=\"en_GB\" \/>\n<meta property=\"og:type\" content=\"article\" \/>\n<meta property=\"og:title\" content=\"Ana Sayfa - Eco Art Mimarl\u0131k\" \/>\n<meta property=\"og:url\" content=\"https:\/\/www.ecoartmimarlik.com.tr\/en\/\" \/>\n<meta property=\"og:site_name\" content=\"Eco Art Mimarl\u0131k\" \/>\n<meta property=\"article:modified_time\" content=\"2023-11-02T07:07:49+00:00\" \/>\n<meta name=\"twitter:card\" content=\"summary_large_image\" \/>\n<meta name=\"twitter:label1\" content=\"Estimated reading time\" \/>\n\t<meta name=\"twitter:data1\" content=\"16 minutes\" \/>\n<script type=\"application\/ld+json\" class=\"yoast-schema-graph\">{\"@context\":\"https:\/\/schema.org\",\"@graph\":[{\"@type\":\"WebPage\",\"@id\":\"https:\/\/www.ecoartmimarlik.com.tr\/\",\"url\":\"https:\/\/www.ecoartmimarlik.com.tr\/\",\"name\":\"Ana Sayfa - Eco Art Mimarl\u0131k\",\"isPartOf\":{\"@id\":\"https:\/\/www.ecoartmimarlik.com.tr\/#website\"},\"datePublished\":\"2023-10-06T09:33:36+00:00\",\"dateModified\":\"2023-11-02T07:07:49+00:00\",\"breadcrumb\":{\"@id\":\"https:\/\/www.ecoartmimarlik.com.tr\/#breadcrumb\"},\"inLanguage\":\"en-GB\",\"potentialAction\":[{\"@type\":\"ReadAction\",\"target\":[\"https:\/\/www.ecoartmimarlik.com.tr\/\"]}]},{\"@type\":\"BreadcrumbList\",\"@id\":\"https:\/\/www.ecoartmimarlik.com.tr\/#breadcrumb\",\"itemListElement\":[{\"@type\":\"ListItem\",\"position\":1,\"name\":\"Anasayfa\",\"item\":\"https:\/\/www.ecoartmimarlik.com.tr\/\"},{\"@type\":\"ListItem\",\"position\":2,\"name\":\"Ana Sayfa\"}]},{\"@type\":\"WebSite\",\"@id\":\"https:\/\/www.ecoartmimarlik.com.tr\/#website\",\"url\":\"https:\/\/www.ecoartmimarlik.com.tr\/\",\"name\":\"Eco Art Mimarl\u0131k\",\"description\":\"\u0130zmir Mimarl\u0131k Ofisi\",\"potentialAction\":[{\"@type\":\"SearchAction\",\"target\":{\"@type\":\"EntryPoint\",\"urlTemplate\":\"https:\/\/www.ecoartmimarlik.com.tr\/?s={search_term_string}\"},\"query-input\":{\"@type\":\"PropertyValueSpecification\",\"valueRequired\":true,\"valueName\":\"search_term_string\"}}],\"inLanguage\":\"en-GB\"}]}<\/script>\n<!-- \/ Yoast SEO plugin. -->","yoast_head_json":{"title":"Ana Sayfa - Eco Art Mimarl\u0131k","robots":{"index":"index","follow":"follow","max-snippet":"max-snippet:-1","max-image-preview":"max-image-preview:large","max-video-preview":"max-video-preview:-1"},"canonical":"https:\/\/www.ecoartmimarlik.com.tr\/en\/","og_locale":"en_GB","og_type":"article","og_title":"Ana Sayfa - Eco Art Mimarl\u0131k","og_url":"https:\/\/www.ecoartmimarlik.com.tr\/en\/","og_site_name":"Eco Art Mimarl\u0131k","article_modified_time":"2023-11-02T07:07:49+00:00","twitter_card":"summary_large_image","twitter_misc":{"Estimated reading time":"16 minutes"},"schema":{"@context":"https:\/\/schema.org","@graph":[{"@type":"WebPage","@id":"https:\/\/www.ecoartmimarlik.com.tr\/","url":"https:\/\/www.ecoartmimarlik.com.tr\/","name":"Ana Sayfa - Eco Art Mimarl\u0131k","isPartOf":{"@id":"https:\/\/www.ecoartmimarlik.com.tr\/#website"},"datePublished":"2023-10-06T09:33:36+00:00","dateModified":"2023-11-02T07:07:49+00:00","breadcrumb":{"@id":"https:\/\/www.ecoartmimarlik.com.tr\/#breadcrumb"},"inLanguage":"en-GB","potentialAction":[{"@type":"ReadAction","target":["https:\/\/www.ecoartmimarlik.com.tr\/"]}]},{"@type":"BreadcrumbList","@id":"https:\/\/www.ecoartmimarlik.com.tr\/#breadcrumb","itemListElement":[{"@type":"ListItem","position":1,"name":"Anasayfa","item":"https:\/\/www.ecoartmimarlik.com.tr\/"},{"@type":"ListItem","position":2,"name":"Ana Sayfa"}]},{"@type":"WebSite","@id":"https:\/\/www.ecoartmimarlik.com.tr\/#website","url":"https:\/\/www.ecoartmimarlik.com.tr\/","name":"Eco Art Mimarl\u0131k","description":"\u0130zmir Mimarl\u0131k Ofisi","potentialAction":[{"@type":"SearchAction","target":{"@type":"EntryPoint","urlTemplate":"https:\/\/www.ecoartmimarlik.com.tr\/?s={search_term_string}"},"query-input":{"@type":"PropertyValueSpecification","valueRequired":true,"valueName":"search_term_string"}}],"inLanguage":"en-GB"}]}},"_links":{"self":[{"href":"https:\/\/www.ecoartmimarlik.com.tr\/en\/wp-json\/wp\/v2\/pages\/2","targetHints":{"allow":["GET"]}}],"collection":[{"href":"https:\/\/www.ecoartmimarlik.com.tr\/en\/wp-json\/wp\/v2\/pages"}],"about":[{"href":"https:\/\/www.ecoartmimarlik.com.tr\/en\/wp-json\/wp\/v2\/types\/page"}],"author":[{"embeddable":true,"href":"https:\/\/www.ecoartmimarlik.com.tr\/en\/wp-json\/wp\/v2\/users\/1"}],"replies":[{"embeddable":true,"href":"https:\/\/www.ecoartmimarlik.com.tr\/en\/wp-json\/wp\/v2\/comments?post=2"}],"version-history":[{"count":0,"href":"https:\/\/www.ecoartmimarlik.com.tr\/en\/wp-json\/wp\/v2\/pages\/2\/revisions"}],"wp:attachment":[{"href":"https:\/\/www.ecoartmimarlik.com.tr\/en\/wp-json\/wp\/v2\/media?parent=2"}],"curies":[{"name":"wp","href":"https:\/\/api.w.org\/{rel}","templated":true}]}}